{"id":3,"date":"2025-09-25T09:15:50","date_gmt":"2025-09-25T09:15:50","guid":{"rendered":"http:\/\/laciclona.coop\/?page_id=3"},"modified":"2026-02-04T20:53:37","modified_gmt":"2026-02-04T18:53:37","slug":"privacy-policy","status":"publish","type":"page","link":"https:\/\/laciclona.coop\/?page_id=3","title":{"rendered":"Pol\u00edtica de privadesa i cookies"},"content":{"rendered":"\n<h1 class=\"wp-block-heading\"><\/h1>\n\n\n\n<p><strong>1. Introducci\u00f3<\/strong><\/p>\n\n\n\n<p><\/p>\n\n\n\n<p>La Ciclona SCCL es compromet a protegir la privacitat i la seguretat de les dades personals que recull a trav\u00e9s de formularis en l\u00ednia o fora de l\u00ednia, comunicacions per correu electr\u00f2nic, entre altres mitjans. Aquest document descriu com tractem aquesta informaci\u00f3 i complim amb la legislaci\u00f3 vigent, incloent el Reglament UE-679\/2016 i la Llei Org\u00e0nica Espanyola 3\/2018 de 5 de desembre de 2018.<\/p>\n\n\n\n<p><\/p>\n\n\n\n<p><strong>2. Titular del Domini Web i Responsable del Tractament<\/strong><\/p>\n\n\n\n<p><\/p>\n\n\n\n<p>El titular del domini web i el Responsable del Tractament de les dades \u00e9s La Ciclona SCCL, amb domicili a C\/Girona, 85, 08401 Granollers, Barcelona. Per a qualsevol consulta relacionada amb la protecci\u00f3 de dades, podeu contactar-nos a info@laciclona.coop<\/p>\n\n\n\n<p><\/p>\n\n\n\n<p><strong>3. Finalitat del tractament<\/strong><\/p>\n\n\n\n<p><\/p>\n\n\n\n<p>Totes les dades que siguin proporcionades a La Ciclona SCCL amb motiu de la presentaci\u00f3 de qualsevol formulari on-line o off-line, les dades de les persones s\u00f2cies de les cooperatives federades, les comunicacions rebudes al correu electr\u00f2nic de La Ciclona SCCL i, en general, totes les comunicacions que s\u2019hagin tingut amb el Responsable de Tractament de dades, seran recollides a la base de dades titularitat de La Ciclona SCCL per propiciar i garantir l\u2019adequada gesti\u00f3 i compliment de les activitats i finalitats de La Ciclona SCCL. Informar de not\u00edcies rellevants per la La Ciclona SCCL. Tamb\u00e9 es dur\u00e0 a terme el tractament d\u2019imatges, v\u00eddeos, o altres espais de difusi\u00f3 sempre i quan la finalitat dels mateixos es delimiti a la difusi\u00f3 en la web de La Ciclona SCCL.<\/p>\n\n\n\n<p><\/p>\n\n\n\n<p><strong>4. Legitimaci\u00f3 del Tractament<\/strong><\/p>\n\n\n\n<p><\/p>\n\n\n\n<p>El tractament de les dades es basa en el consentiment expr\u00e9s dels interessats, que ser\u00e0 sol\u00b7licitat de manera clara i inequ\u00edvoca. Aquest inter\u00e8s leg\u00edtim i\/o obligaci\u00f3 de complir el contracte existeix quan la sol\u00b7licitud d\u2019un servei a la La Ciclona SCCL fa necessari un tractament de dades personals per a poder prestar-lo efectivament.<\/p>\n\n\n\n<p><\/p>\n\n\n\n<p><strong>5. Destinataris de la Informaci\u00f3<\/strong><\/p>\n\n\n\n<p><\/p>\n\n\n\n<p>Els destinataris que tindran acc\u00e9s a les dades proporcionades ser\u00e0 tot el personal de La Ciclona SCCL degudament autoritzat per a tal fi (sigui intern o extern) i tota societat o entitat p\u00fablica que dintre de l\u2019\u00e0mbit de les seves compet\u00e8ncies requereixi leg\u00edtimament l\u2019acc\u00e9s a les mateixes.&nbsp;<\/p>\n\n\n\n<p>No oferim ni venem les vostres dades personals.<\/p>\n\n\n\n<p><\/p>\n\n\n\n<p><strong>6. Dret dels interessats<\/strong><\/p>\n\n\n\n<p><\/p>\n\n\n\n<p>Els interessats tenen dret a accedir, rectificar i suprimir les seves dades, aix\u00ed com a sol\u00b7licitar la limitaci\u00f3 o oposar-se al seu tractament, dret a la portabilitat de les dades i el dret a no ser objecte de decisions automatitzades. Aquests drets poden ser exercits mitjan\u00e7ant comunicaci\u00f3 escrita dirigida al Responsable del Tractament a l&#8217;adre\u00e7a indicada anteriorment.<\/p>\n\n\n\n<p><\/p>\n\n\n\n<p><strong>7. Proced\u00e8ncia de les dades<\/strong><\/p>\n\n\n\n<p><\/p>\n\n\n\n<p>Les dades tractades procedeixen directament dels interessats a trav\u00e9s dels diferents mitjans de recollida esmentats. Tamb\u00e9 poden accedir de tercers amb qui es tenen convenis que cobreixen la protecci\u00f3 de les dades i la legalitat dels tractaments.<\/p>\n\n\n\n<p><\/p>\n\n\n\n<p><strong>8. Comprom\u00eds de Compliment<\/strong><\/p>\n\n\n\n<p><\/p>\n\n\n\n<p>La Ciclona SCCL es compromet a complir amb el Reglament UE-679\/2016 i la Llei Org\u00e0nica Espanyola 3\/2018, assegurant la m\u00e0xima transpar\u00e8ncia i seguretat en el tractament de les dades personals.<\/p>\n\n\n\n<p><\/p>\n\n\n\n<p><strong>9. Cookies<\/strong><\/p>\n\n\n\n<p><\/p>\n\n\n\n<p>Utilitzem galetes (\u201ccookies\u201d) de tercers i d\u2019altres tecnologies de seguiment per personalitzar i millorar la vostra experi\u00e8ncia de navegaci\u00f3 a aquesta web i d\u2019interrelaci\u00f3 amb els nostres perfils a les xarxes socials. Lliurement podeu configurar, acceptar o rebutjar (tret de les \u201cnecess\u00e0ries\u201d) les galetes per continuar navegant i relacionar-vos amb nosaltres a les xarxes.<\/p>\n","protected":false},"excerpt":{"rendered":"<p>1. Introducci\u00f3 La Ciclona SCCL es compromet a protegir la privacitat i la seguretat de les dades personals que recull a trav\u00e9s de formularis en l\u00ednia o fora de l\u00ednia, comunicacions per correu electr\u00f2nic, entre altres mitjans. Aquest document descriu com tractem aquesta informaci\u00f3 i complim amb la legislaci\u00f3 vigent, incloent el Reglament UE-679\/2016 i [&hellip;]<\/p>\n","protected":false},"author":1,"featured_media":0,"parent":0,"menu_order":0,"comment_status":"closed","ping_status":"open","template":"","meta":{"footnotes":""},"class_list":["post-3","page","type-page","status-publish","hentry"],"_links":{"self":[{"href":"https:\/\/laciclona.coop\/index.php?rest_route=\/wp\/v2\/pages\/3","targetHints":{"allow":["GET"]}}],"collection":[{"href":"https:\/\/laciclona.coop\/index.php?rest_route=\/wp\/v2\/pages"}],"about":[{"href":"https:\/\/laciclona.coop\/index.php?rest_route=\/wp\/v2\/types\/page"}],"author":[{"embeddable":true,"href":"https:\/\/laciclona.coop\/index.php?rest_route=\/wp\/v2\/users\/1"}],"replies":[{"embeddable":true,"href":"https:\/\/laciclona.coop\/index.php?rest_route=%2Fwp%2Fv2%2Fcomments&post=3"}],"version-history":[{"count":1,"href":"https:\/\/laciclona.coop\/index.php?rest_route=\/wp\/v2\/pages\/3\/revisions"}],"predecessor-version":[{"id":315,"href":"https:\/\/laciclona.coop\/index.php?rest_route=\/wp\/v2\/pages\/3\/revisions\/315"}],"wp:attachment":[{"href":"https:\/\/laciclona.coop\/index.php?rest_route=%2Fwp%2Fv2%2Fmedia&parent=3"}],"curies":[{"name":"wp","href":"https:\/\/api.w.org\/{rel}","templated":true}]}}