{"id":201,"date":"2026-01-14T19:17:01","date_gmt":"2026-01-14T17:17:01","guid":{"rendered":"https:\/\/laciclona.coop\/?page_id=201"},"modified":"2026-01-16T21:15:05","modified_gmt":"2026-01-16T19:15:05","slug":"ciclologistica","status":"publish","type":"page","link":"https:\/\/laciclona.coop\/?page_id=201","title":{"rendered":"Ciclolog\u00edstica"},"content":{"rendered":"\n<div class=\"wp-block-group alignfull is-style-section-2 has-global-padding is-layout-constrained wp-container-core-group-is-layout-0c9c989a wp-block-group-is-layout-constrained is-style-section-2--1\" style=\"min-height:0vh;margin-top:0;margin-bottom:0;padding-top:var(--wp--preset--spacing--70);padding-right:var(--wp--preset--spacing--40);padding-bottom:var(--wp--preset--spacing--70);padding-left:var(--wp--preset--spacing--40)\">\n<div class=\"wp-block-group has-global-padding is-layout-constrained wp-container-core-group-is-layout-346627ba wp-block-group-is-layout-constrained\">\n<h2 class=\"wp-block-heading has-text-align-center has-xx-large-font-size\" style=\"margin-right:0;margin-left:0;padding-right:0;padding-left:0\">Ciclolog\u00edstica ecol\u00f2gica i de proximitat<\/h2>\n\n\n\n<p class=\"has-text-align-center\">A trav\u00e9s de la ciclolog\u00edstica desenvolupem serveis professionals que transformen la ciutat.<\/p>\n\n\n\n<div class=\"wp-block-buttons is-content-justification-center is-layout-flex wp-container-core-buttons-is-layout-a89b3969 wp-block-buttons-is-layout-flex\">\n<div class=\"wp-block-button\"><a class=\"wp-block-button__link wp-element-button\">M\u00e9s informaci\u00f3<\/a><\/div>\n<\/div>\n<\/div>\n<\/div>\n\n\n\n<div class=\"wp-block-group alignfull is-style-default has-global-padding is-layout-constrained wp-block-group-is-layout-constrained\" style=\"margin-top:0;margin-bottom:0;padding-top:var(--wp--preset--spacing--60);padding-bottom:var(--wp--preset--spacing--60)\">\n<div class=\"wp-block-group alignwide is-content-justification-space-between is-layout-flex wp-container-core-group-is-layout-9366075c wp-block-group-is-layout-flex\">\n<h2 class=\"wp-block-heading has-x-large-font-size\">Serveis de ciclolog\u00edstica<\/h2>\n\n\n\n<p class=\"is-style-text-annotation is-style-text-annotation--2\">Bicimissatgeria<\/p>\n<\/div>\n\n\n\n<div class=\"wp-block-columns alignwide is-layout-flex wp-container-core-columns-is-layout-e87f2171 wp-block-columns-is-layout-flex\" style=\"margin-top:var(--wp--preset--spacing--70);margin-bottom:0\">\n<div class=\"wp-block-column has-border-color has-accent-6-border-color has-global-padding is-content-justification-center is-layout-constrained wp-container-core-column-is-layout-860428b2 wp-block-column-is-layout-constrained\" style=\"border-width:1px;border-radius:10px;padding-top:var(--wp--preset--spacing--40);padding-right:var(--wp--preset--spacing--40);padding-bottom:var(--wp--preset--spacing--40);padding-left:var(--wp--preset--spacing--40)\">\n<div class=\"wp-block-columns is-not-stacked-on-mobile is-layout-flex wp-container-core-columns-is-layout-81213e5a wp-block-columns-is-layout-flex\" style=\"margin-top:0;margin-bottom:0\">\n<div class=\"wp-block-column is-layout-flow wp-block-column-is-layout-flow\" style=\"flex-basis:70%\">\n<h3 class=\"wp-block-heading has-large-font-size\" style=\"margin-bottom:var(--wp--preset--spacing--20)\">Bicimissatgeria i distribuci\u00f3 urbana de mercaderies amb cicles de c\u00e0rrega<br><\/h3>\n\n\n\n<div style=\"height:8px\" aria-hidden=\"true\" class=\"wp-block-spacer\"><\/div>\n<\/div>\n\n\n\n<div class=\"wp-block-column is-layout-flow wp-block-column-is-layout-flow\" style=\"margin-top:0;margin-right:0;margin-bottom:0;margin-left:0\">\n<h3 class=\"wp-block-heading has-text-align-right\" style=\"text-decoration:line-through\"><\/h3>\n<\/div>\n<\/div>\n\n\n\n<figure class=\"wp-block-image size-large\"><img loading=\"lazy\" decoding=\"async\" width=\"1024\" height=\"683\" src=\"http:\/\/laciclona.coop\/wp-content\/uploads\/2026\/01\/IMG_9277-1024x683.jpg\" alt=\"\" class=\"wp-image-161\" srcset=\"https:\/\/laciclona.coop\/wp-content\/uploads\/2026\/01\/IMG_9277-1024x683.jpg 1024w, https:\/\/laciclona.coop\/wp-content\/uploads\/2026\/01\/IMG_9277-300x200.jpg 300w, https:\/\/laciclona.coop\/wp-content\/uploads\/2026\/01\/IMG_9277-768x512.jpg 768w, https:\/\/laciclona.coop\/wp-content\/uploads\/2026\/01\/IMG_9277-1536x1024.jpg 1536w, https:\/\/laciclona.coop\/wp-content\/uploads\/2026\/01\/IMG_9277-2048x1365.jpg 2048w\" sizes=\"auto, (max-width: 1024px) 100vw, 1024px\" \/><\/figure>\n\n\n\n<div class=\"wp-block-buttons is-content-justification-center is-layout-flex wp-container-core-buttons-is-layout-d2a3880e wp-block-buttons-is-layout-flex\" style=\"margin-top:var(--wp--preset--spacing--30)\">\n<div class=\"wp-block-button has-custom-width wp-block-button__width-100\"><a class=\"wp-block-button__link wp-element-button\" style=\"letter-spacing:0.08px;line-height:1.2\">Contracta<\/a><\/div>\n<\/div>\n<\/div>\n\n\n\n<div class=\"wp-block-column has-border-color has-accent-6-border-color has-global-padding is-content-justification-center is-layout-constrained wp-container-core-column-is-layout-860428b2 wp-block-column-is-layout-constrained\" style=\"border-width:1px;border-radius:10px;padding-top:var(--wp--preset--spacing--40);padding-right:var(--wp--preset--spacing--40);padding-bottom:var(--wp--preset--spacing--40);padding-left:var(--wp--preset--spacing--40)\">\n<div class=\"wp-block-columns is-not-stacked-on-mobile is-layout-flex wp-container-core-columns-is-layout-81213e5a wp-block-columns-is-layout-flex\" style=\"margin-top:0;margin-bottom:0\">\n<div class=\"wp-block-column is-layout-flow wp-block-column-is-layout-flow\" style=\"flex-basis:70%\">\n<h3 class=\"wp-block-heading has-large-font-size\" style=\"margin-bottom:var(--wp--preset--spacing--20)\">Recollida i lliurament d&#8217;enc\u00e0rrecs i paquets<\/h3>\n\n\n\n<p class=\"has-small-font-size\">Per a empreses, comer\u00e7os i restaurants establiments de la conurbaci\u00f3 de Granollers.<br><\/p>\n<\/div>\n\n\n\n<div class=\"wp-block-column is-layout-flow wp-block-column-is-layout-flow\" style=\"margin-top:0;margin-right:0;margin-bottom:0;margin-left:0\">\n<h3 class=\"wp-block-heading has-text-align-right\"><\/h3>\n\n\n\n<p class=\"has-text-align-right has-small-font-size\" style=\"margin-top:0\"><\/p>\n<\/div>\n<\/div>\n\n\n\n<figure class=\"wp-block-image size-large\"><img loading=\"lazy\" decoding=\"async\" width=\"1024\" height=\"683\" src=\"http:\/\/laciclona.coop\/wp-content\/uploads\/2026\/01\/IMG_9393-1024x683.jpg\" alt=\"\" class=\"wp-image-187\" srcset=\"https:\/\/laciclona.coop\/wp-content\/uploads\/2026\/01\/IMG_9393-1024x683.jpg 1024w, https:\/\/laciclona.coop\/wp-content\/uploads\/2026\/01\/IMG_9393-300x200.jpg 300w, https:\/\/laciclona.coop\/wp-content\/uploads\/2026\/01\/IMG_9393-768x512.jpg 768w, https:\/\/laciclona.coop\/wp-content\/uploads\/2026\/01\/IMG_9393-1536x1024.jpg 1536w, https:\/\/laciclona.coop\/wp-content\/uploads\/2026\/01\/IMG_9393-2048x1365.jpg 2048w\" sizes=\"auto, (max-width: 1024px) 100vw, 1024px\" \/><\/figure>\n\n\n\n<div class=\"wp-block-buttons is-content-justification-center is-layout-flex wp-container-core-buttons-is-layout-d2a3880e wp-block-buttons-is-layout-flex\" style=\"margin-top:var(--wp--preset--spacing--30)\">\n<div class=\"wp-block-button has-custom-width wp-block-button__width-100\"><a class=\"wp-block-button__link wp-element-button\" style=\"letter-spacing:0.08px;line-height:1.2\">Contracta<\/a><\/div>\n<\/div>\n<\/div>\n\n\n\n<div class=\"wp-block-column has-border-color has-accent-6-border-color has-global-padding is-content-justification-center is-layout-constrained wp-container-core-column-is-layout-860428b2 wp-block-column-is-layout-constrained\" style=\"border-width:1px;border-radius:10px;padding-top:var(--wp--preset--spacing--40);padding-right:var(--wp--preset--spacing--40);padding-bottom:var(--wp--preset--spacing--40);padding-left:var(--wp--preset--spacing--40)\">\n<div class=\"wp-block-columns is-not-stacked-on-mobile is-layout-flex wp-container-core-columns-is-layout-81213e5a wp-block-columns-is-layout-flex\" style=\"margin-top:0;margin-bottom:0\">\n<div class=\"wp-block-column is-layout-flow wp-block-column-is-layout-flow\" style=\"flex-basis:70%\">\n<h3 class=\"wp-block-heading has-large-font-size\" style=\"margin-bottom:var(--wp--preset--spacing--20)\">Servei de primera i \u00faltima milla<\/h3>\n\n\n\n<p class=\"has-small-font-size\">Per a operadores de transport i paqueteria.<br><\/p>\n\n\n\n<div style=\"height:18px\" aria-hidden=\"true\" class=\"wp-block-spacer\"><\/div>\n<\/div>\n\n\n\n<div class=\"wp-block-column is-layout-flow wp-block-column-is-layout-flow\" style=\"margin-top:0;margin-right:0;margin-bottom:0;margin-left:0\">\n<h3 class=\"wp-block-heading has-text-align-right\" style=\"text-decoration:line-through\"><\/h3>\n<\/div>\n<\/div>\n\n\n\n<figure class=\"wp-block-image size-large\"><img loading=\"lazy\" decoding=\"async\" width=\"1024\" height=\"683\" src=\"http:\/\/laciclona.coop\/wp-content\/uploads\/2026\/01\/IMG_9407-1024x683.jpg\" alt=\"\" class=\"wp-image-188\" srcset=\"https:\/\/laciclona.coop\/wp-content\/uploads\/2026\/01\/IMG_9407-1024x683.jpg 1024w, https:\/\/laciclona.coop\/wp-content\/uploads\/2026\/01\/IMG_9407-300x200.jpg 300w, https:\/\/laciclona.coop\/wp-content\/uploads\/2026\/01\/IMG_9407-768x512.jpg 768w, https:\/\/laciclona.coop\/wp-content\/uploads\/2026\/01\/IMG_9407-1536x1024.jpg 1536w, https:\/\/laciclona.coop\/wp-content\/uploads\/2026\/01\/IMG_9407-2048x1365.jpg 2048w\" sizes=\"auto, (max-width: 1024px) 100vw, 1024px\" \/><\/figure>\n\n\n\n<div class=\"wp-block-buttons is-content-justification-center is-layout-flex wp-container-core-buttons-is-layout-d2a3880e wp-block-buttons-is-layout-flex\" style=\"margin-top:var(--wp--preset--spacing--30)\">\n<div class=\"wp-block-button has-custom-width wp-block-button__width-100\"><a class=\"wp-block-button__link wp-element-button\" style=\"letter-spacing:0.08px;line-height:1.2\">Contracta<\/a><\/div>\n<\/div>\n<\/div>\n<\/div>\n\n\n\n<div class=\"wp-block-columns alignwide is-layout-flex wp-container-core-columns-is-layout-e87f2171 wp-block-columns-is-layout-flex\" style=\"margin-top:var(--wp--preset--spacing--70);margin-bottom:0\">\n<div class=\"wp-block-column has-border-color has-accent-6-border-color has-global-padding is-content-justification-center is-layout-constrained wp-container-core-column-is-layout-860428b2 wp-block-column-is-layout-constrained\" style=\"border-width:1px;border-radius:10px;padding-top:var(--wp--preset--spacing--40);padding-right:var(--wp--preset--spacing--40);padding-bottom:var(--wp--preset--spacing--40);padding-left:var(--wp--preset--spacing--40)\">\n<div class=\"wp-block-columns is-not-stacked-on-mobile is-layout-flex wp-container-core-columns-is-layout-81213e5a wp-block-columns-is-layout-flex\" style=\"margin-top:0;margin-bottom:0\">\n<div class=\"wp-block-column is-layout-flow wp-block-column-is-layout-flow\" style=\"flex-basis:70%\">\n<h3 class=\"wp-block-heading has-large-font-size\" style=\"margin-bottom:var(--wp--preset--spacing--20)\">Servei d&#8217;\u00faltima milla<\/h3>\n\n\n\n<p class=\"has-small-font-size\">Per a prove\u00efdors de comer\u00e7 local i productores agroecol\u00f2giques.<\/p>\n\n\n\n<div style=\"height:10px\" aria-hidden=\"true\" class=\"wp-block-spacer\"><\/div>\n<\/div>\n\n\n\n<div class=\"wp-block-column is-layout-flow wp-block-column-is-layout-flow\" style=\"margin-top:0;margin-right:0;margin-bottom:0;margin-left:0\">\n<h3 class=\"wp-block-heading has-text-align-right\"><\/h3>\n\n\n\n<p class=\"has-text-align-right has-small-font-size\" style=\"margin-top:0\"><\/p>\n<\/div>\n<\/div>\n\n\n\n<figure class=\"wp-block-image size-large\"><img loading=\"lazy\" decoding=\"async\" width=\"1024\" height=\"684\" src=\"http:\/\/laciclona.coop\/wp-content\/uploads\/2026\/01\/XMC0561--1024x684.jpg\" alt=\"\" class=\"wp-image-202\" srcset=\"https:\/\/laciclona.coop\/wp-content\/uploads\/2026\/01\/XMC0561--1024x684.jpg 1024w, https:\/\/laciclona.coop\/wp-content\/uploads\/2026\/01\/XMC0561--300x200.jpg 300w, https:\/\/laciclona.coop\/wp-content\/uploads\/2026\/01\/XMC0561--768x513.jpg 768w, https:\/\/laciclona.coop\/wp-content\/uploads\/2026\/01\/XMC0561--1536x1025.jpg 1536w, https:\/\/laciclona.coop\/wp-content\/uploads\/2026\/01\/XMC0561-.jpg 2000w\" sizes=\"auto, (max-width: 1024px) 100vw, 1024px\" \/><\/figure>\n\n\n\n<div class=\"wp-block-buttons is-content-justification-center is-layout-flex wp-container-core-buttons-is-layout-d2a3880e wp-block-buttons-is-layout-flex\" style=\"margin-top:var(--wp--preset--spacing--30)\">\n<div class=\"wp-block-button has-custom-width wp-block-button__width-100\"><a class=\"wp-block-button__link wp-element-button\" style=\"letter-spacing:0.08px;line-height:1.2\">Contracta<\/a><\/div>\n<\/div>\n<\/div>\n\n\n\n<div class=\"wp-block-column has-border-color has-accent-6-border-color has-global-padding is-content-justification-center is-layout-constrained wp-container-core-column-is-layout-860428b2 wp-block-column-is-layout-constrained\" style=\"border-width:1px;border-radius:10px;padding-top:var(--wp--preset--spacing--40);padding-right:var(--wp--preset--spacing--40);padding-bottom:var(--wp--preset--spacing--40);padding-left:var(--wp--preset--spacing--40)\">\n<div class=\"wp-block-columns is-not-stacked-on-mobile is-layout-flex wp-container-core-columns-is-layout-81213e5a wp-block-columns-is-layout-flex\" style=\"margin-top:0;margin-bottom:0\">\n<div class=\"wp-block-column is-layout-flow wp-block-column-is-layout-flow\" style=\"flex-basis:70%\">\n<h3 class=\"wp-block-heading has-large-font-size\" style=\"margin-bottom:var(--wp--preset--spacing--20)\">Servei postal per a finques<\/h3>\n<\/div>\n\n\n\n<div class=\"wp-block-column is-layout-flow wp-block-column-is-layout-flow\" style=\"margin-top:0;margin-right:0;margin-bottom:0;margin-left:0\">\n<h3 class=\"wp-block-heading has-text-align-right\"><\/h3>\n\n\n\n<p class=\"has-text-align-right has-small-font-size\" style=\"margin-top:0\"><\/p>\n<\/div>\n<\/div>\n\n\n\n<figure class=\"wp-block-image size-large\"><img loading=\"lazy\" decoding=\"async\" width=\"1024\" height=\"683\" src=\"http:\/\/laciclona.coop\/wp-content\/uploads\/2026\/01\/IMG_9379-2-1024x683.jpg\" alt=\"\" class=\"wp-image-184\" srcset=\"https:\/\/laciclona.coop\/wp-content\/uploads\/2026\/01\/IMG_9379-2-1024x683.jpg 1024w, https:\/\/laciclona.coop\/wp-content\/uploads\/2026\/01\/IMG_9379-2-300x200.jpg 300w, https:\/\/laciclona.coop\/wp-content\/uploads\/2026\/01\/IMG_9379-2-768x512.jpg 768w, https:\/\/laciclona.coop\/wp-content\/uploads\/2026\/01\/IMG_9379-2-1536x1024.jpg 1536w, https:\/\/laciclona.coop\/wp-content\/uploads\/2026\/01\/IMG_9379-2-2048x1365.jpg 2048w\" sizes=\"auto, (max-width: 1024px) 100vw, 1024px\" \/><\/figure>\n\n\n\n<div class=\"wp-block-buttons is-content-justification-center is-layout-flex wp-container-core-buttons-is-layout-d2a3880e wp-block-buttons-is-layout-flex\" style=\"margin-top:var(--wp--preset--spacing--30)\">\n<div class=\"wp-block-button has-custom-width wp-block-button__width-100\"><a class=\"wp-block-button__link wp-element-button\" style=\"letter-spacing:0.08px;line-height:1.2\">Contracta<\/a><\/div>\n<\/div>\n<\/div>\n\n\n\n<div class=\"wp-block-column has-border-color has-accent-6-border-color has-global-padding is-content-justification-center is-layout-constrained wp-container-core-column-is-layout-860428b2 wp-block-column-is-layout-constrained\" style=\"border-width:1px;border-radius:10px;padding-top:var(--wp--preset--spacing--40);padding-right:var(--wp--preset--spacing--40);padding-bottom:var(--wp--preset--spacing--40);padding-left:var(--wp--preset--spacing--40)\">\n<div class=\"wp-block-columns is-not-stacked-on-mobile is-layout-flex wp-container-core-columns-is-layout-81213e5a wp-block-columns-is-layout-flex\" style=\"margin-top:0;margin-bottom:0\">\n<div class=\"wp-block-column is-layout-flow wp-block-column-is-layout-flow\" style=\"flex-basis:70%\">\n<h3 class=\"wp-block-heading has-large-font-size\" style=\"margin-bottom:var(--wp--preset--spacing--20)\">Encartellades<\/h3>\n\n\n\n<p class=\"has-small-font-size\">Dins la conurbaci\u00f3 de Granollers<br><\/p>\n<\/div>\n\n\n\n<div class=\"wp-block-column is-layout-flow wp-block-column-is-layout-flow\" style=\"margin-top:0;margin-right:0;margin-bottom:0;margin-left:0\">\n<h3 class=\"wp-block-heading has-text-align-right\"><\/h3>\n\n\n\n<p class=\"has-text-align-right has-small-font-size\" style=\"margin-top:0\"><\/p>\n<\/div>\n<\/div>\n\n\n\n<figure class=\"wp-block-image size-large\"><img loading=\"lazy\" decoding=\"async\" width=\"1024\" height=\"683\" src=\"http:\/\/laciclona.coop\/wp-content\/uploads\/2026\/01\/IMG_9448-1024x683.jpg\" alt=\"\" class=\"wp-image-194\" srcset=\"https:\/\/laciclona.coop\/wp-content\/uploads\/2026\/01\/IMG_9448-1024x683.jpg 1024w, https:\/\/laciclona.coop\/wp-content\/uploads\/2026\/01\/IMG_9448-300x200.jpg 300w, https:\/\/laciclona.coop\/wp-content\/uploads\/2026\/01\/IMG_9448-768x512.jpg 768w, https:\/\/laciclona.coop\/wp-content\/uploads\/2026\/01\/IMG_9448-1536x1024.jpg 1536w, https:\/\/laciclona.coop\/wp-content\/uploads\/2026\/01\/IMG_9448-2048x1365.jpg 2048w\" sizes=\"auto, (max-width: 1024px) 100vw, 1024px\" \/><\/figure>\n\n\n\n<div class=\"wp-block-buttons is-content-justification-center is-layout-flex wp-container-core-buttons-is-layout-d2a3880e wp-block-buttons-is-layout-flex\" style=\"margin-top:var(--wp--preset--spacing--30)\">\n<div class=\"wp-block-button has-custom-width wp-block-button__width-100\"><a class=\"wp-block-button__link wp-element-button\" style=\"letter-spacing:0.08px;line-height:1.2\">Contracta<\/a><\/div>\n<\/div>\n<\/div>\n<\/div>\n<\/div>\n\n\n\n<div class=\"wp-block-group alignfull is-style-section-5 has-global-padding is-layout-constrained wp-block-group-is-layout-constrained is-style-section-5--3\" style=\"margin-top:0;margin-bottom:0;padding-top:var(--wp--preset--spacing--60);padding-bottom:var(--wp--preset--spacing--60)\">\n<h2 class=\"wp-block-heading alignwide has-text-align-center\">Demana pressupost sense comprom\u00eds<\/h2>\n<\/div>\n\n\n\n<aside class=\"wp-block-group alignfull is-style-section-3 has-global-padding is-layout-constrained wp-container-core-group-is-layout-f0f2a97b wp-block-group-is-layout-constrained is-style-section-3--4\" style=\"margin-top:0;margin-bottom:0;padding-top:var(--wp--preset--spacing--50);padding-right:var(--wp--preset--spacing--50);padding-bottom:var(--wp--preset--spacing--50);padding-left:var(--wp--preset--spacing--50)\">\n<div class=\"wp-block-group is-vertical is-content-justification-center is-layout-flex wp-container-core-group-is-layout-8778ca4a wp-block-group-is-layout-flex\" style=\"min-height:360px;margin-top:0;margin-bottom:0\">\n<h2 class=\"wp-block-heading has-text-align-center has-xx-large-font-size\">Contacta&#8217;ns per a m\u00e9s informaci\u00f3<\/h2>\n\n\n\n<p class=\"has-text-align-center is-style-text-subtitle is-style-text-subtitle--5\"><\/p>\n\n\n\n<div style=\"height:0px\" aria-hidden=\"true\" class=\"wp-block-spacer wp-container-content-62aae154\"><\/div>\n\n\n\n<div class=\"wp-block-buttons is-content-justification-center is-layout-flex wp-container-core-buttons-is-layout-a89b3969 wp-block-buttons-is-layout-flex\">\n<div class=\"wp-block-button\"><a class=\"wp-block-button__link has-text-align-center wp-element-button\" href=\"https:\/\/laciclona.coop\/?page_id=115\">Contacte<\/a><\/div>\n<\/div>\n<\/div>\n<\/aside>\n\n\n\n<p><\/p>\n","protected":false},"excerpt":{"rendered":"<p>Ciclolog\u00edstica ecol\u00f2gica i de proximitat A trav\u00e9s de la ciclolog\u00edstica desenvolupem serveis professionals que transformen la ciutat. Serveis de ciclolog\u00edstica Bicimissatgeria Bicimissatgeria i distribuci\u00f3 urbana de mercaderies amb cicles de c\u00e0rrega Recollida i lliurament d&#8217;enc\u00e0rrecs i paquets Per a empreses, comer\u00e7os i restaurants establiments de la conurbaci\u00f3 de Granollers. Servei de primera i \u00faltima milla [&hellip;]<\/p>\n","protected":false},"author":1,"featured_media":0,"parent":151,"menu_order":0,"comment_status":"closed","ping_status":"closed","template":"","meta":{"footnotes":""},"class_list":["post-201","page","type-page","status-publish","hentry"],"_links":{"self":[{"href":"https:\/\/laciclona.coop\/index.php?rest_route=\/wp\/v2\/pages\/201","targetHints":{"allow":["GET"]}}],"collection":[{"href":"https:\/\/laciclona.coop\/index.php?rest_route=\/wp\/v2\/pages"}],"about":[{"href":"https:\/\/laciclona.coop\/index.php?rest_route=\/wp\/v2\/types\/page"}],"author":[{"embeddable":true,"href":"https:\/\/laciclona.coop\/index.php?rest_route=\/wp\/v2\/users\/1"}],"replies":[{"embeddable":true,"href":"https:\/\/laciclona.coop\/index.php?rest_route=%2Fwp%2Fv2%2Fcomments&post=201"}],"version-history":[{"count":5,"href":"https:\/\/laciclona.coop\/index.php?rest_route=\/wp\/v2\/pages\/201\/revisions"}],"predecessor-version":[{"id":295,"href":"https:\/\/laciclona.coop\/index.php?rest_route=\/wp\/v2\/pages\/201\/revisions\/295"}],"up":[{"embeddable":true,"href":"https:\/\/laciclona.coop\/index.php?rest_route=\/wp\/v2\/pages\/151"}],"wp:attachment":[{"href":"https:\/\/laciclona.coop\/index.php?rest_route=%2Fwp%2Fv2%2Fmedia&parent=201"}],"curies":[{"name":"wp","href":"https:\/\/api.w.org\/{rel}","templated":true}]}}