{"id":151,"date":"2026-01-14T19:17:33","date_gmt":"2026-01-14T17:17:33","guid":{"rendered":"https:\/\/laciclona.coop\/?page_id=151"},"modified":"2026-01-16T21:12:53","modified_gmt":"2026-01-16T19:12:53","slug":"serveis","status":"publish","type":"page","link":"https:\/\/laciclona.coop\/?page_id=151","title":{"rendered":"Serveis"},"content":{"rendered":"\n<div style=\"height:var(--wp--preset--spacing--20)\" aria-hidden=\"true\" class=\"wp-block-spacer\"><\/div>\n\n\n\n<div class=\"wp-block-group alignfull is-style-section-2 has-global-padding is-layout-constrained wp-block-group-is-layout-constrained is-style-section-2--1\" style=\"margin-top:0;margin-bottom:0;padding-top:var(--wp--preset--spacing--50);padding-bottom:var(--wp--preset--spacing--50)\">\n<div class=\"wp-block-columns alignwide is-layout-flex wp-container-core-columns-is-layout-66fad18a wp-block-columns-is-layout-flex\">\n<div class=\"wp-block-column is-layout-flow wp-block-column-is-layout-flow\" style=\"padding-right:var(--wp--preset--spacing--50);flex-basis:45%\">\n<figure class=\"wp-block-image size-full\"><img loading=\"lazy\" decoding=\"async\" width=\"2560\" height=\"1707\" src=\"http:\/\/laciclona.coop\/wp-content\/uploads\/2026\/01\/IMG_9277-scaled.jpg\" alt=\"\" class=\"wp-image-161\" srcset=\"https:\/\/laciclona.coop\/wp-content\/uploads\/2026\/01\/IMG_9277-scaled.jpg 2560w, https:\/\/laciclona.coop\/wp-content\/uploads\/2026\/01\/IMG_9277-300x200.jpg 300w, https:\/\/laciclona.coop\/wp-content\/uploads\/2026\/01\/IMG_9277-1024x683.jpg 1024w, https:\/\/laciclona.coop\/wp-content\/uploads\/2026\/01\/IMG_9277-768x512.jpg 768w, https:\/\/laciclona.coop\/wp-content\/uploads\/2026\/01\/IMG_9277-1536x1024.jpg 1536w, https:\/\/laciclona.coop\/wp-content\/uploads\/2026\/01\/IMG_9277-2048x1365.jpg 2048w\" sizes=\"auto, (max-width: 2560px) 100vw, 2560px\" \/><\/figure>\n\n\n\n<div class=\"wp-block-group has-global-padding is-layout-constrained wp-block-group-is-layout-constrained\" style=\"margin-top:-12vw\">\n<figure class=\"wp-block-image alignright size-full is-resized\" style=\"margin-right:-5vw;margin-left:-5vw\"><img loading=\"lazy\" decoding=\"async\" width=\"1707\" height=\"2560\" src=\"http:\/\/laciclona.coop\/wp-content\/uploads\/2026\/01\/IMG_9434-scaled.jpg\" alt=\"\" class=\"wp-image-193\" style=\"width:202px\" srcset=\"https:\/\/laciclona.coop\/wp-content\/uploads\/2026\/01\/IMG_9434-scaled.jpg 1707w, https:\/\/laciclona.coop\/wp-content\/uploads\/2026\/01\/IMG_9434-200x300.jpg 200w, https:\/\/laciclona.coop\/wp-content\/uploads\/2026\/01\/IMG_9434-683x1024.jpg 683w, https:\/\/laciclona.coop\/wp-content\/uploads\/2026\/01\/IMG_9434-768x1152.jpg 768w, https:\/\/laciclona.coop\/wp-content\/uploads\/2026\/01\/IMG_9434-1024x1536.jpg 1024w, https:\/\/laciclona.coop\/wp-content\/uploads\/2026\/01\/IMG_9434-1365x2048.jpg 1365w\" sizes=\"auto, (max-width: 1707px) 100vw, 1707px\" \/><\/figure>\n<\/div>\n<\/div>\n\n\n\n<div class=\"wp-block-column is-vertically-aligned-center is-layout-flow wp-block-column-is-layout-flow\" style=\"padding-right:0;padding-left:0;flex-basis:50%\">\n<div class=\"wp-block-group is-vertical is-layout-flex wp-container-core-group-is-layout-fe9cc265 wp-block-group-is-layout-flex\">\n<h2 class=\"wp-block-heading is-style-default has-contrast-color has-text-color has-link-color has-x-large-font-size wp-elements-9ec82109b9046f67b878036d3c8fdb01\"><strong>Mobilitat en bicicleta des de l\u2019economia social<\/strong><\/h2>\n\n\n\n<div style=\"height:0px\" aria-hidden=\"true\" class=\"wp-block-spacer wp-container-content-16d1eb73\"><\/div>\n\n\n\n<p class=\"is-style-default has-contrast-color has-text-color has-link-color has-large-font-size wp-elements-a28cdc95329b2b25b495e931c46f4bbe\">Explorem el potencial de la bicicleta en tots els seus \u00e0mbits com a opci\u00f3 de mobilitat per a persones i mercaderies.<\/p>\n<\/div>\n<\/div>\n<\/div>\n<\/div>\n\n\n\n<div class=\"wp-block-group alignfull is-style-default has-global-padding is-layout-constrained wp-container-core-group-is-layout-aa119b8c wp-block-group-is-layout-constrained\" style=\"margin-top:var(--wp--preset--spacing--50);margin-bottom:var(--wp--preset--spacing--50);padding-top:0;padding-bottom:0\">\n<h2 class=\"wp-block-heading alignwide\">Els nostres serveis<\/h2>\n\n\n\n<div class=\"wp-block-columns alignwide is-layout-flex wp-container-core-columns-is-layout-28f84493 wp-block-columns-is-layout-flex\">\n<div class=\"wp-block-column is-layout-flow wp-block-column-is-layout-flow\">\n<figure class=\"wp-block-image size-full\" style=\"margin-bottom:24px\"><a href=\"https:\/\/laciclona.coop\/?page_id=201\"><img loading=\"lazy\" decoding=\"async\" width=\"2560\" height=\"1707\" src=\"http:\/\/laciclona.coop\/wp-content\/uploads\/2026\/01\/IMG_9376-scaled.jpg\" alt=\"\" class=\"wp-image-179\" style=\"aspect-ratio:4\/3;object-fit:cover\" srcset=\"https:\/\/laciclona.coop\/wp-content\/uploads\/2026\/01\/IMG_9376-scaled.jpg 2560w, https:\/\/laciclona.coop\/wp-content\/uploads\/2026\/01\/IMG_9376-300x200.jpg 300w, https:\/\/laciclona.coop\/wp-content\/uploads\/2026\/01\/IMG_9376-1024x683.jpg 1024w, https:\/\/laciclona.coop\/wp-content\/uploads\/2026\/01\/IMG_9376-768x512.jpg 768w, https:\/\/laciclona.coop\/wp-content\/uploads\/2026\/01\/IMG_9376-1536x1024.jpg 1536w, https:\/\/laciclona.coop\/wp-content\/uploads\/2026\/01\/IMG_9376-2048x1365.jpg 2048w\" sizes=\"auto, (max-width: 2560px) 100vw, 2560px\" \/><\/a><\/figure>\n\n\n\n<h3 class=\"wp-block-heading\">Ciclolog\u00edstica<\/h3>\n<\/div>\n\n\n\n<div class=\"wp-block-column is-layout-flow wp-block-column-is-layout-flow\">\n<figure class=\"wp-block-image size-large\"><img loading=\"lazy\" decoding=\"async\" width=\"1024\" height=\"759\" src=\"https:\/\/laciclona.coop\/wp-content\/uploads\/2026\/01\/image-1024x759.jpeg\" alt=\"\" class=\"wp-image-190\" srcset=\"https:\/\/laciclona.coop\/wp-content\/uploads\/2026\/01\/image-1024x759.jpeg 1024w, https:\/\/laciclona.coop\/wp-content\/uploads\/2026\/01\/image-300x222.jpeg 300w, https:\/\/laciclona.coop\/wp-content\/uploads\/2026\/01\/image-768x569.jpeg 768w, https:\/\/laciclona.coop\/wp-content\/uploads\/2026\/01\/image-1536x1139.jpeg 1536w, https:\/\/laciclona.coop\/wp-content\/uploads\/2026\/01\/image.jpeg 1600w\" sizes=\"auto, (max-width: 1024px) 100vw, 1024px\" \/><\/figure>\n\n\n\n<h3 class=\"wp-block-heading\"><br>Formaci\u00f3 en mobilitat ciclista<\/h3>\n<\/div>\n\n\n\n<div class=\"wp-block-column is-layout-flow wp-block-column-is-layout-flow\">\n<figure class=\"wp-block-image size-full\" style=\"margin-bottom:24px\"><img loading=\"lazy\" decoding=\"async\" width=\"2560\" height=\"1707\" src=\"http:\/\/laciclona.coop\/wp-content\/uploads\/2026\/01\/IMG_9360-2-scaled.jpg\" alt=\"\" class=\"wp-image-175\" style=\"aspect-ratio:4\/3;object-fit:cover\" srcset=\"https:\/\/laciclona.coop\/wp-content\/uploads\/2026\/01\/IMG_9360-2-scaled.jpg 2560w, https:\/\/laciclona.coop\/wp-content\/uploads\/2026\/01\/IMG_9360-2-300x200.jpg 300w, https:\/\/laciclona.coop\/wp-content\/uploads\/2026\/01\/IMG_9360-2-1024x683.jpg 1024w, https:\/\/laciclona.coop\/wp-content\/uploads\/2026\/01\/IMG_9360-2-768x512.jpg 768w, https:\/\/laciclona.coop\/wp-content\/uploads\/2026\/01\/IMG_9360-2-1536x1024.jpg 1536w, https:\/\/laciclona.coop\/wp-content\/uploads\/2026\/01\/IMG_9360-2-2048x1365.jpg 2048w\" sizes=\"auto, (max-width: 2560px) 100vw, 2560px\" \/><\/figure>\n\n\n\n<h3 class=\"wp-block-heading\">Reparaci\u00f3 i venda de bicis<\/h3>\n<\/div>\n<\/div>\n\n\n\n<div class=\"wp-block-columns alignwide is-layout-flex wp-container-core-columns-is-layout-28f84493 wp-block-columns-is-layout-flex\">\n<div class=\"wp-block-column is-layout-flow wp-block-column-is-layout-flow\">\n<figure class=\"wp-block-image size-full\" style=\"margin-bottom:24px\"><img loading=\"lazy\" decoding=\"async\" width=\"2560\" height=\"1707\" src=\"http:\/\/laciclona.coop\/wp-content\/uploads\/2026\/01\/IMG_9290-scaled.jpg\" alt=\"\" class=\"wp-image-163\" style=\"aspect-ratio:4\/3;object-fit:cover\" srcset=\"https:\/\/laciclona.coop\/wp-content\/uploads\/2026\/01\/IMG_9290-scaled.jpg 2560w, https:\/\/laciclona.coop\/wp-content\/uploads\/2026\/01\/IMG_9290-300x200.jpg 300w, https:\/\/laciclona.coop\/wp-content\/uploads\/2026\/01\/IMG_9290-1024x683.jpg 1024w, https:\/\/laciclona.coop\/wp-content\/uploads\/2026\/01\/IMG_9290-768x512.jpg 768w, https:\/\/laciclona.coop\/wp-content\/uploads\/2026\/01\/IMG_9290-1536x1024.jpg 1536w, https:\/\/laciclona.coop\/wp-content\/uploads\/2026\/01\/IMG_9290-2048x1365.jpg 2048w\" sizes=\"auto, (max-width: 2560px) 100vw, 2560px\" \/><\/figure>\n\n\n\n<h3 class=\"wp-block-heading\">Gesti\u00f3 de flotes i aparcaments<\/h3>\n<\/div>\n\n\n\n<div class=\"wp-block-column is-layout-flow wp-block-column-is-layout-flow\">\n<figure class=\"wp-block-image size-full\" style=\"margin-bottom:24px\"><img loading=\"lazy\" decoding=\"async\" width=\"2000\" height=\"1335\" src=\"https:\/\/laciclona.coop\/wp-content\/uploads\/2026\/01\/XMC0834-.png\" alt=\"\" class=\"wp-image-182\" style=\"aspect-ratio:4\/3;object-fit:cover\" srcset=\"https:\/\/laciclona.coop\/wp-content\/uploads\/2026\/01\/XMC0834-.png 2000w, https:\/\/laciclona.coop\/wp-content\/uploads\/2026\/01\/XMC0834--300x200.png 300w, https:\/\/laciclona.coop\/wp-content\/uploads\/2026\/01\/XMC0834--1024x684.png 1024w, https:\/\/laciclona.coop\/wp-content\/uploads\/2026\/01\/XMC0834--768x513.png 768w, https:\/\/laciclona.coop\/wp-content\/uploads\/2026\/01\/XMC0834--1536x1025.png 1536w\" sizes=\"auto, (max-width: 2000px) 100vw, 2000px\" \/><\/figure>\n\n\n\n<h3 class=\"wp-block-heading\">Consultoria i assessorament<\/h3>\n<\/div>\n\n\n\n<div class=\"wp-block-column is-layout-flow wp-block-column-is-layout-flow\">\n<h3 class=\"wp-block-heading\"><\/h3>\n<\/div>\n<\/div>\n<\/div>\n\n\n\n<figure class=\"wp-block-image alignfull size-large\"><img loading=\"lazy\" decoding=\"async\" width=\"1024\" height=\"487\" src=\"https:\/\/laciclona.coop\/wp-content\/uploads\/2026\/01\/IMG_9322-2-2-1024x487.jpg\" alt=\"\" class=\"wp-image-236\" srcset=\"https:\/\/laciclona.coop\/wp-content\/uploads\/2026\/01\/IMG_9322-2-2-1024x487.jpg 1024w, https:\/\/laciclona.coop\/wp-content\/uploads\/2026\/01\/IMG_9322-2-2-300x143.jpg 300w, https:\/\/laciclona.coop\/wp-content\/uploads\/2026\/01\/IMG_9322-2-2-768x365.jpg 768w, https:\/\/laciclona.coop\/wp-content\/uploads\/2026\/01\/IMG_9322-2-2-1536x730.jpg 1536w, https:\/\/laciclona.coop\/wp-content\/uploads\/2026\/01\/IMG_9322-2-2-2048x973.jpg 2048w\" sizes=\"auto, (max-width: 1024px) 100vw, 1024px\" \/><\/figure>\n\n\n\n<aside class=\"wp-block-group alignfull is-style-section-3 has-global-padding is-layout-constrained wp-container-core-group-is-layout-f0f2a97b wp-block-group-is-layout-constrained is-style-section-3--2\" style=\"margin-top:0;margin-bottom:0;padding-top:var(--wp--preset--spacing--50);padding-right:var(--wp--preset--spacing--50);padding-bottom:var(--wp--preset--spacing--50);padding-left:var(--wp--preset--spacing--50)\">\n<div class=\"wp-block-group is-vertical is-content-justification-center is-layout-flex wp-container-core-group-is-layout-8778ca4a wp-block-group-is-layout-flex\" style=\"min-height:360px;margin-top:0;margin-bottom:0\">\n<h2 class=\"wp-block-heading has-text-align-center has-xx-large-font-size\" style=\"line-height:1.2\">Descobriu m\u00e9s sobre els serveis que oferim al flyer informatiu<\/h2>\n\n\n\n<div style=\"height:0px\" aria-hidden=\"true\" class=\"wp-block-spacer wp-container-content-b0b89ccb\"><\/div>\n\n\n\n<p class=\"has-text-align-center is-style-text-subtitle has-large-font-size wp-container-content-16d1eb73 is-style-text-subtitle--3\" style=\"border-style:none;border-width:0px\">Fes clic al bot\u00f3 per descarregar-te el flyer!<\/p>\n\n\n\n<div style=\"height:0px\" aria-hidden=\"true\" class=\"wp-block-spacer wp-container-content-62aae154\"><\/div>\n\n\n\n<div class=\"wp-block-buttons is-content-justification-center is-layout-flex wp-container-core-buttons-is-layout-a89b3969 wp-block-buttons-is-layout-flex\">\n<div class=\"wp-block-button\"><a class=\"wp-block-button__link has-text-align-center wp-element-button\" href=\"http:\/\/laciclona.coop\/wp-content\/uploads\/2025\/10\/FlyerA6-laciclona-master-final.pdf\">M\u00e9s informaci\u00f3<\/a><\/div>\n<\/div>\n<\/div>\n<\/aside>\n\n\n\n<p><\/p>\n","protected":false},"excerpt":{"rendered":"<p>Mobilitat en bicicleta des de l\u2019economia social Explorem el potencial de la bicicleta en tots els seus \u00e0mbits com a opci\u00f3 de mobilitat per a persones i mercaderies. Els nostres serveis Ciclolog\u00edstica Formaci\u00f3 en mobilitat ciclista Reparaci\u00f3 i venda de bicis Gesti\u00f3 de flotes i aparcaments Consultoria i assessorament Descobriu m\u00e9s sobre els serveis que [&hellip;]<\/p>\n","protected":false},"author":1,"featured_media":0,"parent":0,"menu_order":0,"comment_status":"closed","ping_status":"closed","template":"","meta":{"footnotes":""},"class_list":["post-151","page","type-page","status-publish","hentry"],"_links":{"self":[{"href":"https:\/\/laciclona.coop\/index.php?rest_route=\/wp\/v2\/pages\/151","targetHints":{"allow":["GET"]}}],"collection":[{"href":"https:\/\/laciclona.coop\/index.php?rest_route=\/wp\/v2\/pages"}],"about":[{"href":"https:\/\/laciclona.coop\/index.php?rest_route=\/wp\/v2\/types\/page"}],"author":[{"embeddable":true,"href":"https:\/\/laciclona.coop\/index.php?rest_route=\/wp\/v2\/users\/1"}],"replies":[{"embeddable":true,"href":"https:\/\/laciclona.coop\/index.php?rest_route=%2Fwp%2Fv2%2Fcomments&post=151"}],"version-history":[{"count":16,"href":"https:\/\/laciclona.coop\/index.php?rest_route=\/wp\/v2\/pages\/151\/revisions"}],"predecessor-version":[{"id":292,"href":"https:\/\/laciclona.coop\/index.php?rest_route=\/wp\/v2\/pages\/151\/revisions\/292"}],"wp:attachment":[{"href":"https:\/\/laciclona.coop\/index.php?rest_route=%2Fwp%2Fv2%2Fmedia&parent=151"}],"curies":[{"name":"wp","href":"https:\/\/api.w.org\/{rel}","templated":true}]}}